{"id":1305,"date":"2024-09-28T20:29:16","date_gmt":"2024-09-28T19:29:16","guid":{"rendered":"https:\/\/climbingzoo.at\/reports\/"},"modified":"2025-11-05T22:03:57","modified_gmt":"2025-11-05T21:03:57","slug":"reports","status":"publish","type":"page","link":"https:\/\/climbingzoo.at\/en\/reports\/","title":{"rendered":"Reports"},"content":{"rendered":"\t\t<div data-elementor-type=\"wp-page\" data-elementor-id=\"1305\" class=\"elementor elementor-1305 elementor-483\" data-elementor-post-type=\"page\">\n\t\t\t\t<div class=\"elementor-element elementor-element-d8e7a57 e-con-full e-flex e-con e-parent\" data-id=\"d8e7a57\" data-element_type=\"container\" data-e-type=\"container\" data-settings=\"{&quot;ekit_has_onepagescroll_dot&quot;:&quot;yes&quot;}\">\n\t\t<div class=\"elementor-element elementor-element-efde1a2 e-con-full e-flex e-con e-child\" data-id=\"efde1a2\" data-element_type=\"container\" data-e-type=\"container\" data-settings=\"{&quot;background_background&quot;:&quot;classic&quot;,&quot;ekit_has_onepagescroll_dot&quot;:&quot;yes&quot;}\">\n\t\t<div class=\"elementor-element elementor-element-8eba848 e-con-full e-flex e-con e-child\" data-id=\"8eba848\" data-element_type=\"container\" data-e-type=\"container\" data-settings=\"{&quot;ekit_has_onepagescroll_dot&quot;:&quot;yes&quot;}\">\n\t\t\t\t<div class=\"elementor-element elementor-element-b15c8ba animated-slow elementor-invisible elementor-widget elementor-widget-heading\" data-id=\"b15c8ba\" data-element_type=\"widget\" data-e-type=\"widget\" data-settings=\"{&quot;_animation&quot;:&quot;fadeIn&quot;}\" data-widget_type=\"heading.default\">\n\t\t\t\t<div class=\"elementor-widget-container\">\n\t\t\t\t\t<h2 class=\"elementor-heading-title elementor-size-default\">REPORTS<\/h2>\t\t\t\t<\/div>\n\t\t\t\t<\/div>\n\t\t\t\t<div class=\"elementor-element elementor-element-9071095 animated-slow elementor-invisible elementor-widget elementor-widget-heading\" data-id=\"9071095\" data-element_type=\"widget\" data-e-type=\"widget\" data-settings=\"{&quot;_animation&quot;:&quot;fadeIn&quot;,&quot;_animation_delay&quot;:300}\" data-widget_type=\"heading.default\">\n\t\t\t\t<div class=\"elementor-widget-container\">\n\t\t\t\t\t<h2 class=\"elementor-heading-title elementor-size-default\">ClimbingZoo informs<\/h2>\t\t\t\t<\/div>\n\t\t\t\t<\/div>\n\t\t\t\t<\/div>\n\t\t\t\t<\/div>\n\t\t\t\t<\/div>\n\t\t<div class=\"elementor-element elementor-element-2337071 e-flex e-con-boxed e-con e-parent\" data-id=\"2337071\" data-element_type=\"container\" data-e-type=\"container\" data-settings=\"{&quot;ekit_has_onepagescroll_dot&quot;:&quot;yes&quot;}\">\n\t\t\t\t\t<div class=\"e-con-inner\">\n\t\t\t\t<div class=\"elementor-element elementor-element-90e2f17 elementor-widget elementor-widget-elementskit-blog-posts\" data-id=\"90e2f17\" data-element_type=\"widget\" data-e-type=\"widget\" data-widget_type=\"elementskit-blog-posts.default\">\n\t\t\t\t<div class=\"elementor-widget-container\">\n\t\t\t\t\t<div class=\"ekit-wid-con\" >\n        <div id=\"post-items--90e2f17\" class=\"row post-items ekit-blog-posts-content wihout-masonry \" data-enable=\"no\">\n\n\t\t\t<!-- Blog Carousel markup render -->\n\t\t\t\n\n            <div class=\"col-md-12\">\n\n                                    <div class=\"elementskit-blog-block-post\">\n                        <div class=\"row no-gutters\">\n                                                            <div class=\"col-md-6 order-1\">\n                                    <a href=\"https:\/\/climbingzoo.at\/en\/fundraising-campaign-for-kroell-johann\/\" class=\"elementskit-entry-thumb\">\n                                        <img decoding=\"async\" src=\"https:\/\/climbingzoo.at\/wp-content\/uploads\/2025\/11\/IMG_3660-768x576.jpeg\" alt=\"Fundraising Campaign for Kr\u00f6ll Johann\">\n                                    <\/a><!-- .elementskit-entry-thumb END -->\n                                <\/div>\n                            \n                            <div class=\"col-md-6 order-2\">\n                                <div class=\"elementskit-post-body \">\n                                    <div class=\"elementskit-entry-header\">\n                                        \n                                                                                                                                        \n                                            \n                                            \t\t\t\t\t\t\t\t\t\t\t\t                <h2 class=\"entry-title\">\n                    <a href=\"https:\/\/climbingzoo.at\/en\/fundraising-campaign-for-kroell-johann\/\">\n                            Fundraising Campaign for Kr\u00f6ll Johann                    <\/a>\n                <\/h2>\n                                                                                                <\/div><!-- .elementskit-entry-header END -->\n\n                                                                    <\/div><!-- .elementskit-post-body END -->\n                            <\/div>\n                        <\/div>\n                    <\/div><!-- .elementskit-blog-block-post .radius .gradient-bg END -->\n                \n            <\/div>\t\t\t\t\n\n            <div class=\"col-md-12\">\n\n                                    <div class=\"elementskit-blog-block-post\">\n                        <div class=\"row no-gutters\">\n                                                            <div class=\"col-md-6 order-1\">\n                                    <a href=\"https:\/\/climbingzoo.at\/en\/review-of-climbinpark-childrens-family-festival\/\" class=\"elementskit-entry-thumb\">\n                                        <img decoding=\"async\" src=\"https:\/\/climbingzoo.at\/wp-content\/uploads\/2025\/09\/16-768x576.jpg\" alt=\"Review of climbINpark &#8211; Children&#8217;s &amp; Family Festival\">\n                                    <\/a><!-- .elementskit-entry-thumb END -->\n                                <\/div>\n                            \n                            <div class=\"col-md-6 order-2\">\n                                <div class=\"elementskit-post-body \">\n                                    <div class=\"elementskit-entry-header\">\n                                        \n                                                                                                                                        \n                                            \n                                            \t\t\t\t\t\t\t\t\t\t\t\t                <h2 class=\"entry-title\">\n                    <a href=\"https:\/\/climbingzoo.at\/en\/review-of-climbinpark-childrens-family-festival\/\">\n                            Review of climbINpark &#8211; Children&#8217;s &amp; Family Festival                    <\/a>\n                <\/h2>\n                                                                                                <\/div><!-- .elementskit-entry-header END -->\n\n                                                                    <\/div><!-- .elementskit-post-body END -->\n                            <\/div>\n                        <\/div>\n                    <\/div><!-- .elementskit-blog-block-post .radius .gradient-bg END -->\n                \n            <\/div>\t\t\t\t\n\n            <div class=\"col-md-12\">\n\n                                    <div class=\"elementskit-blog-block-post\">\n                        <div class=\"row no-gutters\">\n                                                            <div class=\"col-md-6 order-1\">\n                                    <a href=\"https:\/\/climbingzoo.at\/en\/check-presentation-charity-climbing-2025\/\" class=\"elementskit-entry-thumb\">\n                                        <img decoding=\"async\" src=\"https:\/\/climbingzoo.at\/wp-content\/uploads\/2025\/06\/scheckuebergabe2025-3-1-768x512.jpg\" alt=\"Check Presentation Charity Climbing 2025\">\n                                    <\/a><!-- .elementskit-entry-thumb END -->\n                                <\/div>\n                            \n                            <div class=\"col-md-6 order-2\">\n                                <div class=\"elementskit-post-body \">\n                                    <div class=\"elementskit-entry-header\">\n                                        \n                                                                                                                                        \n                                            \n                                            \t\t\t\t\t\t\t\t\t\t\t\t                <h2 class=\"entry-title\">\n                    <a href=\"https:\/\/climbingzoo.at\/en\/check-presentation-charity-climbing-2025\/\">\n                            Check Presentation Charity Climbing 2025                    <\/a>\n                <\/h2>\n                                                                                                <\/div><!-- .elementskit-entry-header END -->\n\n                                                                    <\/div><!-- .elementskit-post-body END -->\n                            <\/div>\n                        <\/div>\n                    <\/div><!-- .elementskit-blog-block-post .radius .gradient-bg END -->\n                \n            <\/div>\t\t\t\t\n\n            <div class=\"col-md-12\">\n\n                                    <div class=\"elementskit-blog-block-post\">\n                        <div class=\"row no-gutters\">\n                                                            <div class=\"col-md-6 order-1\">\n                                    <a href=\"https:\/\/climbingzoo.at\/en\/pts-fuegen-at-the-charity-climb\/\" class=\"elementskit-entry-thumb\">\n                                        <img decoding=\"async\" src=\"https:\/\/climbingzoo.at\/wp-content\/uploads\/2025\/05\/45455705_XXL-768x577.webp\" alt=\"PTS F\u00fcgen at the Charity Climb\">\n                                    <\/a><!-- .elementskit-entry-thumb END -->\n                                <\/div>\n                            \n                            <div class=\"col-md-6 order-2\">\n                                <div class=\"elementskit-post-body \">\n                                    <div class=\"elementskit-entry-header\">\n                                        \n                                                                                                                                        \n                                            \n                                            \t\t\t\t\t\t\t\t\t\t\t\t                <h2 class=\"entry-title\">\n                    <a href=\"https:\/\/climbingzoo.at\/en\/pts-fuegen-at-the-charity-climb\/\">\n                            PTS F\u00fcgen at the Charity Climb                    <\/a>\n                <\/h2>\n                                                                                                <\/div><!-- .elementskit-entry-header END -->\n\n                                                                    <\/div><!-- .elementskit-post-body END -->\n                            <\/div>\n                        <\/div>\n                    <\/div><!-- .elementskit-blog-block-post .radius .gradient-bg END -->\n                \n            <\/div>\t\t\t\t\n\n            <div class=\"col-md-12\">\n\n                                    <div class=\"elementskit-blog-block-post\">\n                        <div class=\"row no-gutters\">\n                                                            <div class=\"col-md-6 order-1\">\n                                    <a href=\"https:\/\/climbingzoo.at\/en\/that-was-the-charity-climbing-2025\/\" class=\"elementskit-entry-thumb\">\n                                        <img decoding=\"async\" src=\"https:\/\/climbingzoo.at\/wp-content\/uploads\/2025\/05\/WhatsApp-Image-2025-05-18-at-19.57.41-1-768x576.jpeg\" alt=\"That Was the Charity Climbing 2025\">\n                                    <\/a><!-- .elementskit-entry-thumb END -->\n                                <\/div>\n                            \n                            <div class=\"col-md-6 order-2\">\n                                <div class=\"elementskit-post-body \">\n                                    <div class=\"elementskit-entry-header\">\n                                        \n                                                                                                                                        \n                                            \n                                            \t\t\t\t\t\t\t\t\t\t\t\t                <h2 class=\"entry-title\">\n                    <a href=\"https:\/\/climbingzoo.at\/en\/that-was-the-charity-climbing-2025\/\">\n                            That Was the Charity Climbing 2025                    <\/a>\n                <\/h2>\n                                                                                                <\/div><!-- .elementskit-entry-header END -->\n\n                                                                    <\/div><!-- .elementskit-post-body END -->\n                            <\/div>\n                        <\/div>\n                    <\/div><!-- .elementskit-blog-block-post .radius .gradient-bg END -->\n                \n            <\/div>\t\t\t\t\n\n            <div class=\"col-md-12\">\n\n                                    <div class=\"elementskit-blog-block-post\">\n                        <div class=\"row no-gutters\">\n                                                            <div class=\"col-md-6 order-1\">\n                                    <a href=\"https:\/\/climbingzoo.at\/en\/donation-campaign-for-christina\/\" class=\"elementskit-entry-thumb\">\n                                        <img decoding=\"async\" src=\"https:\/\/climbingzoo.at\/wp-content\/uploads\/2024\/11\/christina_kh.webp\" alt=\"Donation Campaign for Christina\">\n                                    <\/a><!-- .elementskit-entry-thumb END -->\n                                <\/div>\n                            \n                            <div class=\"col-md-6 order-2\">\n                                <div class=\"elementskit-post-body \">\n                                    <div class=\"elementskit-entry-header\">\n                                        \n                                                                                                                                        \n                                            \n                                            \t\t\t\t\t\t\t\t\t\t\t\t                <h2 class=\"entry-title\">\n                    <a href=\"https:\/\/climbingzoo.at\/en\/donation-campaign-for-christina\/\">\n                            Donation Campaign for Christina                    <\/a>\n                <\/h2>\n                                                                                                <\/div><!-- .elementskit-entry-header END -->\n\n                                                                    <\/div><!-- .elementskit-post-body END -->\n                            <\/div>\n                        <\/div>\n                    <\/div><!-- .elementskit-blog-block-post .radius .gradient-bg END -->\n                \n            <\/div>\t\t\t\t        <\/div>\n        \n        \n        <\/div>\t\t\t\t<\/div>\n\t\t\t\t<\/div>\n\t\t\t\t\t<\/div>\n\t\t\t\t<\/div>\n\t\t\t\t<\/div>\n\t\t","protected":false},"excerpt":{"rendered":"<p>REPORTS ClimbingZoo informs R\u00fcckblick climbINpark &#8211; Kinder- &#038; Familienfest Scheck\u00fcbergabe Charity Klettern 2025 Die PTS F\u00fcgen beim Chartity Klettern Das war das Charity Klettern 2025 Spendenaktion Christina Tirol Heute &#8211; Gerhard Hauser<\/p>\n","protected":false},"author":1,"featured_media":0,"parent":0,"menu_order":0,"comment_status":"closed","ping_status":"closed","template":"","meta":{"footnotes":""},"class_list":["post-1305","page","type-page","status-publish","hentry"],"_links":{"self":[{"href":"https:\/\/climbingzoo.at\/en\/wp-json\/wp\/v2\/pages\/1305","targetHints":{"allow":["GET"]}}],"collection":[{"href":"https:\/\/climbingzoo.at\/en\/wp-json\/wp\/v2\/pages"}],"about":[{"href":"https:\/\/climbingzoo.at\/en\/wp-json\/wp\/v2\/types\/page"}],"author":[{"embeddable":true,"href":"https:\/\/climbingzoo.at\/en\/wp-json\/wp\/v2\/users\/1"}],"replies":[{"embeddable":true,"href":"https:\/\/climbingzoo.at\/en\/wp-json\/wp\/v2\/comments?post=1305"}],"version-history":[{"count":1,"href":"https:\/\/climbingzoo.at\/en\/wp-json\/wp\/v2\/pages\/1305\/revisions"}],"predecessor-version":[{"id":1307,"href":"https:\/\/climbingzoo.at\/en\/wp-json\/wp\/v2\/pages\/1305\/revisions\/1307"}],"wp:attachment":[{"href":"https:\/\/climbingzoo.at\/en\/wp-json\/wp\/v2\/media?parent=1305"}],"curies":[{"name":"wp","href":"https:\/\/api.w.org\/{rel}","templated":true}]}}